{"id":1083,"date":"2020-08-19T07:12:16","date_gmt":"2020-08-19T07:12:16","guid":{"rendered":"https:\/\/distribucionesogaiteiro.es\/index.php\/home\/"},"modified":"2023-11-02T11:36:31","modified_gmt":"2023-11-02T11:36:31","slug":"home","status":"publish","type":"page","link":"https:\/\/distribucionesogaiteiro.es\/","title":{"rendered":"INICIO"},"content":{"rendered":"\n<div class=\"wp-block-uagb-container uagb-block-615952f8 alignfull uagb-is-root-container\"><div class=\"uagb-container-inner-blocks-wrap\">\n<div class=\"wp-block-uagb-container uagb-block-473ad25d\">\n<div class=\"wp-block-uagb-info-box uagb-block-80fadeaf uagb-infobox__content-wrap  uagb-infobox-icon-above-title uagb-infobox-image-valign-top\"><div class=\"uagb-ifb-content\"><div class=\"uagb-ifb-title-wrap\"><span class=\"uagb-ifb-title-prefix\">DISTRIBUCI\u00d3N<\/span><div class=\"uagb-ifb-separator\"><\/div><h1 class=\"uagb-ifb-title\">Hosteler\u00eda.<br>Alimentaci\u00f3n.<\/h1><\/div><\/div><\/div>\n\n\n\n<div class=\"wp-block-group is-layout-constrained wp-block-group-is-layout-constrained\">\n<div class=\"wp-block-uagb-info-box uagb-block-a55aa080 uagb-infobox__content-wrap  uagb-infobox-icon-above-title uagb-infobox-image-valign-top\"><div class=\"uagb-ifb-content\"><div class=\"uagb-ifb-title-wrap\"><\/div><p class=\"uagb-ifb-desc\">Distribuci\u00f3n de productos, especialidad en boller\u00eda, embutidos, chucher\u00edas, aceitunas, frutos secos, snacks y vino. Se lo entregamos en su local, el mejor producto al mejor precio.<\/p><\/div><\/div>\n<\/div>\n<\/div>\n\n\n\n<div class=\"wp-block-uagb-container uagb-block-e13336b8\">\n<div class=\"wp-block-uagb-container uagb-block-afa3f7eb\">\n<div class=\"wp-block-uagb-social-share uagb-social-share__outer-wrap uagb-social-share__layout-horizontal uagb-block-872f7b1b\">\n<div class=\"wp-block-uagb-social-share-child uagb-ss-repeater uagb-ss__wrapper uagb-block-57be84a8\"><span class=\"uagb-ss__link\" data-href=\"https:\/\/www.facebook.com\/sharer.php?u=\" tabindex=\"0\" role=\"button\" aria-label=\"facebook\"><span class=\"uagb-ss__source-wrap\"><span class=\"uagb-ss__source-icon\"><svg xmlns=\"https:\/\/www.w3.org\/2000\/svg\" viewBox=\"0 0 512 512\"><path d=\"M504 256C504 119 393 8 256 8S8 119 8 256c0 123.8 90.69 226.4 209.3 245V327.7h-63V256h63v-54.64c0-62.15 37-96.48 93.67-96.48 27.14 0 55.52 4.84 55.52 4.84v61h-31.28c-30.8 0-40.41 19.12-40.41 38.73V256h68.78l-11 71.69h-57.78V501C413.3 482.4 504 379.8 504 256z\"><\/path><\/svg><\/span><\/span><\/span><\/div>\n\n\n\n<div class=\"wp-block-uagb-social-share-child uagb-ss-repeater uagb-ss__wrapper uagb-block-55a2666a\"><span class=\"uagb-ss__link\" data-href=\"https:\/\/twitter.com\/share?url=\" tabindex=\"0\" role=\"button\" aria-label=\"twitter\"><span class=\"uagb-ss__source-wrap\"><span class=\"uagb-ss__source-icon\"><svg xmlns=\"https:\/\/www.w3.org\/2000\/svg\" viewBox=\"0 0 448 512\"><path d=\"M400 32H48C21.5 32 0 53.5 0 80v352c0 26.5 21.5 48 48 48h352c26.5 0 48-21.5 48-48V80c0-26.5-21.5-48-48-48zm-48.9 158.8c.2 2.8 .2 5.7 .2 8.5 0 86.7-66 186.6-186.6 186.6-37.2 0-71.7-10.8-100.7-29.4 5.3 .6 10.4 .8 15.8 .8 30.7 0 58.9-10.4 81.4-28-28.8-.6-53-19.5-61.3-45.5 10.1 1.5 19.2 1.5 29.6-1.2-30-6.1-52.5-32.5-52.5-64.4v-.8c8.7 4.9 18.9 7.9 29.6 8.3a65.45 65.45 0 0 1 -29.2-54.6c0-12.2 3.2-23.4 8.9-33.1 32.3 39.8 80.8 65.8 135.2 68.6-9.3-44.5 24-80.6 64-80.6 18.9 0 35.9 7.9 47.9 20.7 14.8-2.8 29-8.3 41.6-15.8-4.9 15.2-15.2 28-28.8 36.1 13.2-1.4 26-5.1 37.8-10.2-8.9 13.1-20.1 24.7-32.9 34z\"><\/path><\/svg><\/span><\/span><\/span><\/div>\n\n\n\n<div class=\"wp-block-uagb-social-share-child uagb-ss-repeater uagb-ss__wrapper uagb-block-5f3f67c0\"><span class=\"uagb-ss__link\" data-href=\"https:\/\/pinterest.com\/pin\/create\/link\/?url=\" tabindex=\"0\" role=\"button\" aria-label=\"pinterest\"><span class=\"uagb-ss__source-wrap\"><span class=\"uagb-ss__source-icon\"><svg xmlns=\"https:\/\/www.w3.org\/2000\/svg\" viewBox=\"0 0 448 512\"><path d=\"M448 80v352c0 26.5-21.5 48-48 48H154.4c9.8-16.4 22.4-40 27.4-59.3 3-11.5 15.3-58.4 15.3-58.4 8 15.3 31.4 28.2 56.3 28.2 74.1 0 127.4-68.1 127.4-152.7 0-81.1-66.2-141.8-151.4-141.8-106 0-162.2 71.1-162.2 148.6 0 36 19.2 80.8 49.8 95.1 4.7 2.2 7.1 1.2 8.2-3.3 .8-3.4 5-20.1 6.8-27.8 .6-2.5 .3-4.6-1.7-7-10.1-12.3-18.3-34.9-18.3-56 0-54.2 41-106.6 110.9-106.6 60.3 0 102.6 41.1 102.6 99.9 0 66.4-33.5 112.4-77.2 112.4-24.1 0-42.1-19.9-36.4-44.4 6.9-29.2 20.3-60.7 20.3-81.8 0-53-75.5-45.7-75.5 25 0 21.7 7.3 36.5 7.3 36.5-31.4 132.8-36.1 134.5-29.6 192.6l2.2 .8H48c-26.5 0-48-21.5-48-48V80c0-26.5 21.5-48 48-48h352c26.5 0 48 21.5 48 48z\"><\/path><\/svg><\/span><\/span><\/span><\/div>\n\n\n\n<div class=\"wp-block-uagb-social-share-child uagb-ss-repeater uagb-ss__wrapper uagb-block-c8e0dc15\"><span class=\"uagb-ss__link\" data-href=\"https:\/\/www.linkedin.com\/shareArticle?url=\" tabindex=\"0\" role=\"button\" aria-label=\"linkedin\"><span class=\"uagb-ss__source-wrap\"><span class=\"uagb-ss__source-icon\"><svg xmlns=\"https:\/\/www.w3.org\/2000\/svg\" viewBox=\"0 0 448 512\"><path d=\"M416 32H31.9C14.3 32 0 46.5 0 64.3v383.4C0 465.5 14.3 480 31.9 480H416c17.6 0 32-14.5 32-32.3V64.3c0-17.8-14.4-32.3-32-32.3zM135.4 416H69V202.2h66.5V416zm-33.2-243c-21.3 0-38.5-17.3-38.5-38.5S80.9 96 102.2 96c21.2 0 38.5 17.3 38.5 38.5 0 21.3-17.2 38.5-38.5 38.5zm282.1 243h-66.4V312c0-24.8-.5-56.7-34.5-56.7-34.6 0-39.9 27-39.9 54.9V416h-66.4V202.2h63.7v29.2h.9c8.9-16.8 30.6-34.5 62.9-34.5 67.2 0 79.7 44.3 79.7 101.9V416z\"><\/path><\/svg><\/span><\/span><\/span><\/div>\n<\/div>\n<\/div>\n\n\n\n<div class=\"wp-block-uagb-container uagb-block-44e4e339\">\n<div class=\"wp-block-uagb-icon-list uagb-block-39718e70\"><div class=\"uagb-icon-list__wrap\">\n<div class=\"wp-block-uagb-icon-list-child uagb-block-d0358137\"><a target=\"_self\" aria-label=\"Vilaboa (Pontevedra) - Tlf. 696 123 211\u200b\" rel=\"noopener noreferrer\" href=\"#\"> <\/a><span class=\"uagb-icon-list__label\">Vilaboa (Pontevedra) &#8211; Tlf. 696 123 211\u200b<\/span><\/div>\n<\/div><\/div>\n<\/div>\n<\/div>\n<\/div><\/div>\n\n\n\n<div class=\"wp-block-uagb-container uagb-block-60cd33b6 alignfull uagb-is-root-container\"><div class=\"uagb-container-inner-blocks-wrap\">\n<div class=\"wp-block-uagb-advanced-heading uagb-block-b4d4ac73\"><h2 class=\"uagb-heading-text\">Nuestro producto.\u200b<\/h2><p class=\"uagb-desc-text\">Trabajamos el mejor producto, al mejor precio. Tu satisfacci\u00f3n es nuestra recompensa.<\/p><\/div>\n\n\n\n<div class=\"wp-block-uagb-container uagb-block-d87b7c62\">\n<div class=\"wp-block-uagb-info-box uagb-block-ea5cfc40 uagb-infobox__content-wrap  uagb-infobox-icon-above-title uagb-infobox-image-valign-top\"><div class=\"uagb-ifb-content\"><div class=\"uagb-ifb-image-content\"><img decoding=\"async\" src=\"https:\/\/distribucionesogaiteiro.es\/wp-content\/uploads\/2023\/10\/bolleria-1024x700-1-150x150.jpg\" alt=\"\" width=\"200\" height=\"200\" loading=\"lazy\"\/><\/div><div class=\"uagb-ifb-title-wrap\"><h3 class=\"uagb-ifb-title\">Boller\u00eda<\/h3><\/div><\/div><\/div>\n\n\n\n<div class=\"wp-block-uagb-info-box uagb-block-79b2fe7e uagb-infobox__content-wrap  uagb-infobox-icon-above-title uagb-infobox-image-valign-top\"><div class=\"uagb-ifb-content\"><div class=\"uagb-ifb-image-content\"><img decoding=\"async\" src=\"https:\/\/distribucionesogaiteiro.es\/wp-content\/uploads\/2023\/10\/ACEITUNA-e1698253968499-150x150.webp\" alt=\"\" width=\"200\" height=\"200\" loading=\"lazy\"\/><\/div><div class=\"uagb-ifb-title-wrap\"><h3 class=\"uagb-ifb-title\">Aceitunas<\/h3><\/div><\/div><\/div>\n\n\n\n<div class=\"wp-block-uagb-info-box uagb-block-7acb387e uagb-infobox__content-wrap  uagb-infobox-icon-above-title uagb-infobox-image-valign-top\"><div class=\"uagb-ifb-content\"><div class=\"uagb-ifb-image-content\"><img decoding=\"async\" src=\"https:\/\/distribucionesogaiteiro.es\/wp-content\/uploads\/2023\/10\/frutos-secos-beneficios_38fb5b17_1200x630-e1698254071999-150x150.jpg\" alt=\"\" width=\"200\" height=\"200\" loading=\"lazy\"\/><\/div><div class=\"uagb-ifb-title-wrap\"><h3 class=\"uagb-ifb-title\">Frutos secos<\/h3><\/div><\/div><\/div>\n\n\n\n<div class=\"wp-block-uagb-info-box uagb-block-67a6df62 uagb-infobox__content-wrap  uagb-infobox-icon-above-title uagb-infobox-image-valign-top\"><div class=\"uagb-ifb-content\"><div class=\"uagb-ifb-image-content\"><img decoding=\"async\" src=\"https:\/\/distribucionesogaiteiro.es\/wp-content\/uploads\/2023\/10\/EMBUTIDO-150x150.jpg\" alt=\"\" width=\"200\" height=\"200\" loading=\"lazy\"\/><\/div><div class=\"uagb-ifb-title-wrap\"><h3 class=\"uagb-ifb-title\">Embutido<\/h3><\/div><\/div><\/div>\n\n\n\n<div class=\"wp-block-uagb-info-box uagb-block-2404f4cb uagb-infobox__content-wrap  uagb-infobox-icon-above-title uagb-infobox-image-valign-top\"><div class=\"uagb-ifb-content\"><div class=\"uagb-ifb-image-content\"><img decoding=\"async\" src=\"https:\/\/distribucionesogaiteiro.es\/wp-content\/uploads\/2023\/10\/luis-aguila-xLvIcAYuuMQ-unsplash-150x150.jpg\" alt=\"\" width=\"200\" height=\"200\" loading=\"lazy\"\/><\/div><div class=\"uagb-ifb-title-wrap\"><h3 class=\"uagb-ifb-title\">Chuches<\/h3><\/div><\/div><\/div>\n<\/div>\n<\/div><\/div>\n\n\n\n<div class=\"wp-block-uagb-container uagb-block-5e9607ec alignfull uagb-is-root-container\"><div class=\"uagb-container-inner-blocks-wrap\">\n<div class=\"wp-block-uagb-container uagb-block-bc3fda42\">\n<div class=\"wp-block-uagb-info-box uagb-block-d61a3801 uagb-infobox__content-wrap  uagb-infobox-icon-above-title uagb-infobox-image-valign-top\"><div class=\"uagb-ifb-content\"><div class=\"uagb-ifb-title-wrap\"><span class=\"uagb-ifb-title-prefix\">NUESTRA HISTORIA<\/span><div class=\"uagb-ifb-separator\"><\/div><h2 class=\"uagb-ifb-title\">Producto 100% calidad<\/h2><\/div><p class=\"uagb-ifb-desc\">Trabajamos las mejores marcas, para ofrecer el mejor producto, al mejor precio. Tenemos reparto propio, para que los pedidos salgan directos desde nuestro almac\u00e9n a su local.<br>Amplio cat\u00e1logo de productos, especial para alimentaci\u00f3n y hosteler\u00eda.<\/p><\/div><\/div>\n<\/div>\n\n\n\n<div class=\"wp-block-uagb-container uagb-block-e8cafa20\">\n<div class=\"wp-block-uagb-container uagb-block-7ff7110d\">\n<div class=\"wp-block-uagb-image alignleft uagb-block-c1eb9139 wp-block-uagb-image--layout-default wp-block-uagb-image--effect-static wp-block-uagb-image--align-left\"><figure class=\"wp-block-uagb-image__figure\"><img decoding=\"async\" srcset=\"https:\/\/distribucionesogaiteiro.es\/wp-content\/uploads\/2020\/08\/horticulrurist-cutting-plant.jpg ,https:\/\/distribucionesogaiteiro.es\/wp-content\/uploads\/2020\/08\/horticulrurist-cutting-plant.jpg 780w\" sizes=\"auto, (max-width: 480px) 150px\" src=\"https:\/\/distribucionesogaiteiro.es\/wp-content\/uploads\/2020\/08\/horticulrurist-cutting-plant.jpg\" alt=\"\" class=\"uag-image-87\" width=\"400\" height=\"266\" title=\"\" loading=\"lazy\"\/><\/figure><\/div>\n<\/div>\n<\/div>\n<\/div><\/div>\n\n\n\n<div class=\"wp-block-uagb-container uagb-block-35899e2a alignfull uagb-is-root-container\"><div class=\"uagb-container-inner-blocks-wrap\">\n<div class=\"wp-block-uagb-container uagb-block-c43cf3f3\">\n<div class=\"wp-block-uagb-info-box uagb-block-c606728f uagb-infobox__content-wrap  uagb-infobox-icon-left uagb-infobox-left uagb-infobox-stacked-mobile uagb-infobox-image-valign-top\"><div class=\"uagb-ifb-icon-wrap\"><div class=\"uagb-iconbox-icon-wrap uagb-infobox-shape-circle\"><svg xmlns=\"https:\/\/www.w3.org\/2000\/svg\" viewBox=\"0 0 640 512\"><path d=\"M541.2 448C542.1 453 544.1 458.4 544.1 464C544.1 490.5 522.6 512 496 512C469.5 512 448.1 490.5 448.1 464C448.1 458.4 449.2 453 450.1 448H253.1C254.9 453 256 458.4 256 464C256 490.5 234.5 512 208 512C181.5 512 160 490.5 160 464C160 458.4 161.1 453 162.9 448L96 448C78.4 448 64 433.6 64 416V80C64 71.16 56.84 64 48 64H32C14.4 64 0 49.6 0 32C0 14.4 14.4 0 32 0H64C99.2 0 128 28.8 128 64V384H608C625.6 384 640 398.4 640 416C640 433.6 625.6 448 608 448L541.2 448zM432 0C458.5 0 480 21.5 480 48V320H288V48C288 21.5 309.5 0 336 0H432zM336 96H432V48H336V96zM256 320H224C206.4 320 192 305.6 192 288V128C192 110.4 206.4 96 224 96H256V320zM576 128V288C576 305.6 561.6 320 544 320H512V96H544C561.6 96 576 110.4 576 128z\"><\/path><\/svg><\/div><\/div><div class=\"uagb-ifb-content\"><div class=\"uagb-ifb-title-wrap\"><h3 class=\"uagb-ifb-title\">Entrega incluida.\u200b<\/h3><\/div><p class=\"uagb-ifb-desc\">Te lo entregamos en tu puerta.\u200b<\/p><\/div><\/div>\n<\/div>\n\n\n\n<div class=\"wp-block-uagb-container uagb-block-cd22418c\">\n<div class=\"wp-block-uagb-info-box uagb-block-a488eca1 uagb-infobox__content-wrap  uagb-infobox-icon-left uagb-infobox-left uagb-infobox-stacked-mobile uagb-infobox-image-valign-top\"><div class=\"uagb-ifb-icon-wrap\"><div class=\"uagb-iconbox-icon-wrap uagb-infobox-shape-circle\"><svg xmlns=\"https:\/\/www.w3.org\/2000\/svg\" viewBox=\"0 0 320 512\"><path d=\"M285.1 145.7c-3.81 8.758-12.45 14.42-21.1 14.42L192 160.1V480c0 17.69-14.33 32-32 32s-32-14.31-32-32V160.1L55.1 160.1c-9.547 0-18.19-5.658-22-14.42c-3.811-8.758-2.076-18.95 4.408-25.94l104-112.1c9.498-10.24 25.69-10.24 35.19 0l104 112.1C288.1 126.7 289.8 136.9 285.1 145.7z\"><\/path><\/svg><\/div><\/div><div class=\"uagb-ifb-content\"><div class=\"uagb-ifb-title-wrap\"><h3 class=\"uagb-ifb-title\">El mejor precio\u200b<\/h3><\/div><p class=\"uagb-ifb-desc\">Ofertas invatibles.\u200b<\/p><\/div><\/div>\n<\/div>\n\n\n\n<div class=\"wp-block-uagb-container uagb-block-ee1d0fb9\">\n<div class=\"wp-block-uagb-info-box uagb-block-94811668 uagb-infobox__content-wrap  uagb-infobox-icon-left uagb-infobox-left uagb-infobox-stacked-mobile uagb-infobox-image-valign-top\"><div class=\"uagb-ifb-icon-wrap\"><div class=\"uagb-iconbox-icon-wrap uagb-infobox-shape-circle\"><svg xmlns=\"https:\/\/www.w3.org\/2000\/svg\" viewBox=\"0 0 576 512\"><path d=\"M576 136c0 22.09-17.91 40-40 40c-.248 0-.4551-.1266-.7031-.1305l-50.52 277.9C482 468.9 468.8 480 453.3 480H122.7c-15.46 0-28.72-11.06-31.48-26.27L40.71 175.9C40.46 175.9 40.25 176 39.1 176c-22.09 0-40-17.91-40-40S17.91 96 39.1 96s40 17.91 40 40c0 8.998-3.521 16.89-8.537 23.57l89.63 71.7c15.91 12.73 39.5 7.544 48.61-10.68l57.6-115.2C255.1 98.34 247.1 86.34 247.1 72C247.1 49.91 265.9 32 288 32s39.1 17.91 39.1 40c0 14.34-7.963 26.34-19.3 33.4l57.6 115.2c9.111 18.22 32.71 23.4 48.61 10.68l89.63-71.7C499.5 152.9 496 144.1 496 136C496 113.9 513.9 96 536 96S576 113.9 576 136z\"><\/path><\/svg><\/div><\/div><div class=\"uagb-ifb-content\"><div class=\"uagb-ifb-title-wrap\"><h3 class=\"uagb-ifb-title\">100% Calidad\u200b<\/h3><\/div><p class=\"uagb-ifb-desc\">La calidad nuestra garant\u00eda.\u200b<\/p><\/div><\/div>\n<\/div>\n<\/div><\/div>\n\n\n\n<div class=\"wp-block-uagb-container uagb-block-498af669 alignfull uagb-is-root-container\"><div class=\"uagb-container-inner-blocks-wrap\"><\/div><\/div>\n","protected":false},"excerpt":{"rendered":"<p>Nuestro producto.\u200b Trabajamos el mejor producto, al mejor precio. Tu satisfacci\u00f3n es nuestra recompensa.<\/p>\n","protected":false},"author":1,"featured_media":0,"parent":0,"menu_order":0,"comment_status":"closed","ping_status":"closed","template":"","meta":{"rank_math_lock_modified_date":false,"_uag_custom_page_level_css":"","site-sidebar-layout":"default","site-content-layout":"plain-container","ast-site-content-layout":"normal-width-container","site-content-style":"unboxed","site-sidebar-style":"unboxed","ast-global-header-display":"","ast-banner-title-visibility":"","ast-main-header-display":"","ast-hfb-above-header-display":"","ast-hfb-below-header-display":"","ast-hfb-mobile-header-display":"","site-post-title":"disabled","ast-breadcrumbs-content":"","ast-featured-img":"","footer-sml-layout":"","theme-transparent-header-meta":"enabled","adv-header-id-meta":"","stick-header-meta":"","header-above-stick-meta":"","header-main-stick-meta":"","header-below-stick-meta":"","astra-migrate-meta-layouts":"set","ast-page-background-enabled":"default","ast-page-background-meta":{"desktop":{"background-color":"","background-image":"","background-repeat":"repeat","background-position":"center center","background-size":"auto","background-attachment":"scroll","background-type":"","background-media":"","overlay-type":"","overlay-color":"","overlay-opacity":"","overlay-gradient":""},"tablet":{"background-color":"","background-image":"","background-repeat":"repeat","background-position":"center center","background-size":"auto","background-attachment":"scroll","background-type":"","background-media":"","overlay-type":"","overlay-color":"","overlay-opacity":"","overlay-gradient":""},"mobile":{"background-color":"","background-image":"","background-repeat":"repeat","background-position":"center center","background-size":"auto","background-attachment":"scroll","background-type":"","background-media":"","overlay-type":"","overlay-color":"","overlay-opacity":"","overlay-gradient":""}},"ast-content-background-meta":{"desktop":{"background-color":"var(--ast-global-color-5)","background-image":"","background-repeat":"repeat","background-position":"center center","background-size":"auto","background-attachment":"scroll","background-type":"","background-media":"","overlay-type":"","overlay-color":"","overlay-opacity":"","overlay-gradient":""},"tablet":{"background-color":"var(--ast-global-color-5)","background-image":"","background-repeat":"repeat","background-position":"center center","background-size":"auto","background-attachment":"scroll","background-type":"","background-media":"","overlay-type":"","overlay-color":"","overlay-opacity":"","overlay-gradient":""},"mobile":{"background-color":"var(--ast-global-color-5)","background-image":"","background-repeat":"repeat","background-position":"center center","background-size":"auto","background-attachment":"scroll","background-type":"","background-media":"","overlay-type":"","overlay-color":"","overlay-opacity":"","overlay-gradient":""}},"footnotes":""},"class_list":["post-1083","page","type-page","status-publish","hentry"],"uagb_featured_image_src":{"full":false,"thumbnail":false,"medium":false,"medium_large":false,"large":false,"1536x1536":false,"2048x2048":false},"uagb_author_info":{"display_name":"admin","author_link":"https:\/\/distribucionesogaiteiro.es\/author\/admin\/"},"uagb_comment_info":0,"uagb_excerpt":"Nuestro producto.\u200b Trabajamos el mejor producto, al mejor precio. Tu satisfacci\u00f3n es nuestra recompensa.","_links":{"self":[{"href":"https:\/\/distribucionesogaiteiro.es\/index.php\/wp-json\/wp\/v2\/pages\/1083","targetHints":{"allow":["GET"]}}],"collection":[{"href":"https:\/\/distribucionesogaiteiro.es\/index.php\/wp-json\/wp\/v2\/pages"}],"about":[{"href":"https:\/\/distribucionesogaiteiro.es\/index.php\/wp-json\/wp\/v2\/types\/page"}],"author":[{"embeddable":true,"href":"https:\/\/distribucionesogaiteiro.es\/index.php\/wp-json\/wp\/v2\/users\/1"}],"replies":[{"embeddable":true,"href":"https:\/\/distribucionesogaiteiro.es\/index.php\/wp-json\/wp\/v2\/comments?post=1083"}],"version-history":[{"count":10,"href":"https:\/\/distribucionesogaiteiro.es\/index.php\/wp-json\/wp\/v2\/pages\/1083\/revisions"}],"predecessor-version":[{"id":1138,"href":"https:\/\/distribucionesogaiteiro.es\/index.php\/wp-json\/wp\/v2\/pages\/1083\/revisions\/1138"}],"wp:attachment":[{"href":"https:\/\/distribucionesogaiteiro.es\/index.php\/wp-json\/wp\/v2\/media?parent=1083"}],"curies":[{"name":"wp","href":"https:\/\/api.w.org\/{rel}","templated":true}]}}